{"id":1708,"date":"2024-05-28T16:03:48","date_gmt":"2024-05-28T14:03:48","guid":{"rendered":"https:\/\/agri.bioret-corp.com\/?page_id=1708"},"modified":"2025-07-11T14:37:46","modified_gmt":"2025-07-11T12:37:46","slug":"merci","status":"publish","type":"page","link":"https:\/\/cheval.bioret-corp.com\/en\/contact\/merci\/","title":{"rendered":"Merci"},"content":{"rendered":"<div data-elementor-type=\"wp-page\" data-elementor-id=\"1708\" class=\"elementor elementor-1708\" data-elementor-post-type=\"page\">\n\t\t\t\t<div class=\"elementor-element elementor-element-e799a03 e-flex e-con-boxed e-con e-parent\" data-id=\"e799a03\" data-element_type=\"container\" data-e-type=\"container\" data-settings=\"{&quot;jet_parallax_layout_list&quot;:[]}\">\n\t\t\t\t\t<div class=\"e-con-inner\">\n\t\t<div class=\"elementor-element elementor-element-f70111c e-con-full e-flex e-con e-child\" data-id=\"f70111c\" data-element_type=\"container\" data-e-type=\"container\" data-settings=\"{&quot;background_background&quot;:&quot;classic&quot;,&quot;jet_parallax_layout_list&quot;:[]}\">\n\t\t\t\t<div class=\"elementor-element elementor-element-50ec39f elementor-widget elementor-widget-heading\" data-id=\"50ec39f\" data-element_type=\"widget\" data-e-type=\"widget\" data-widget_type=\"heading.default\">\n\t\t\t\t<div class=\"elementor-widget-container\">\n\t\t\t\t\t<h1 class=\"elementor-heading-title elementor-size-default\">Merci pour votre message <\/h1>\t\t\t\t<\/div>\n\t\t\t\t<\/div>\n\t\t\t\t<div class=\"elementor-element elementor-element-164360f elementor-widget elementor-widget-text-editor\" data-id=\"164360f\" data-element_type=\"widget\" data-e-type=\"widget\" data-widget_type=\"text-editor.default\">\n\t\t\t\t<div class=\"elementor-widget-container\">\n\t\t\t\t\t\t\t\t\t<p>Et pour votre int\u00e9r\u00eat pour Bioret Cheval !\u00a0<br \/>Un repr\u00e9sentant du service commercial prendra rapidement contact avec vous afin de r\u00e9pondre au mieux \u00e0 votre demande.\u00a0<\/p><p>A bient\u00f4t,\u00a0<br \/><strong>L&rsquo;\u00e9quipe BIORET CHEVAL<\/strong><\/p>\t\t\t\t\t\t\t\t<\/div>\n\t\t\t\t<\/div>\n\t\t\t\t<\/div>\n\t\t<div class=\"elementor-element elementor-element-f781478 e-con-full elementor-hidden-mobile e-flex e-con e-child\" data-id=\"f781478\" data-element_type=\"container\" data-e-type=\"container\" data-settings=\"{&quot;jet_parallax_layout_list&quot;:[]}\">\n\t\t\t\t<div class=\"elementor-element elementor-element-3c1317a elementor-widget__width-initial elementor-widget elementor-widget-image\" data-id=\"3c1317a\" data-element_type=\"widget\" data-e-type=\"widget\" data-widget_type=\"image.default\">\n\t\t\t\t<div class=\"elementor-widget-container\">\n\t\t\t\t\t\t\t\t\t\t\t\t\t\t\t<img fetchpriority=\"high\" decoding=\"async\" width=\"800\" height=\"630\" src=\"https:\/\/cheval.bioret-corp.com\/wp-content\/uploads\/sites\/11\/2024\/06\/pegase1.png\" class=\"attachment-large size-large wp-image-2727\" alt=\"\" srcset=\"https:\/\/cheval.bioret-corp.com\/wp-content\/uploads\/sites\/11\/2024\/06\/pegase1.png 895w, https:\/\/cheval.bioret-corp.com\/wp-content\/uploads\/sites\/11\/2024\/06\/pegase1-300x236.png 300w, https:\/\/cheval.bioret-corp.com\/wp-content\/uploads\/sites\/11\/2024\/06\/pegase1-768x605.png 768w\" sizes=\"(max-width: 800px) 100vw, 800px\" \/>\t\t\t\t\t\t\t\t\t\t\t\t\t\t\t<\/div>\n\t\t\t\t<\/div>\n\t\t\t\t<\/div>\n\t\t\t\t\t<\/div>\n\t\t\t\t<\/div>\n\t\t\t\t<\/div>","protected":false},"excerpt":{"rendered":"<p>Merci pour votre message Et pour votre int\u00e9r\u00eat pour Bioret Cheval !\u00a0Un repr\u00e9sentant du service commercial prendra rapidement contact avec vous afin de r\u00e9pondre au mieux \u00e0 votre demande.\u00a0 A bient\u00f4t,\u00a0L&rsquo;\u00e9quipe BIORET CHEVAL<\/p>","protected":false},"author":1,"featured_media":0,"parent":2,"menu_order":0,"comment_status":"closed","ping_status":"closed","template":"","meta":{"_acf_changed":false,"content-type":"","footnotes":""},"type-de-produit":[],"class_list":["post-1708","page","type-page","status-publish","hentry"],"acf":[],"yoast_head":"<!-- This site is optimized with the Yoast SEO plugin v27.4 - https:\/\/yoast.com\/product\/yoast-seo-wordpress\/ -->\n<title>Merci - Bioret Cheval<\/title>\n<meta name=\"robots\" content=\"index, follow, max-snippet:-1, max-image-preview:large, max-video-preview:-1\" \/>\n<link rel=\"canonical\" href=\"https:\/\/cheval.bioret-corp.com\/en\/contact\/merci\/\" \/>\n<meta property=\"og:locale\" content=\"en_US\" \/>\n<meta property=\"og:type\" content=\"article\" \/>\n<meta property=\"og:title\" content=\"Merci - Bioret Cheval\" \/>\n<meta property=\"og:description\" content=\"Merci pour votre message Et pour votre int\u00e9r\u00eat pour Bioret Cheval !\u00a0Un repr\u00e9sentant du service commercial prendra rapidement contact avec vous afin de r\u00e9pondre au mieux \u00e0 votre demande.\u00a0 A bient\u00f4t,\u00a0L&rsquo;\u00e9quipe BIORET CHEVAL\" \/>\n<meta property=\"og:url\" content=\"https:\/\/cheval.bioret-corp.com\/en\/contact\/merci\/\" \/>\n<meta property=\"og:site_name\" content=\"Bioret Cheval\" \/>\n<meta property=\"article:modified_time\" content=\"2025-07-11T12:37:46+00:00\" \/>\n<meta property=\"og:image\" content=\"https:\/\/cheval.bioret-corp.com\/wp-content\/uploads\/sites\/11\/2024\/06\/pegase1.png\" \/>\n\t<meta property=\"og:image:width\" content=\"895\" \/>\n\t<meta property=\"og:image:height\" content=\"705\" \/>\n\t<meta property=\"og:image:type\" content=\"image\/png\" \/>\n<meta name=\"twitter:card\" content=\"summary_large_image\" \/>\n<meta name=\"twitter:label1\" content=\"Est. reading time\" \/>\n\t<meta name=\"twitter:data1\" content=\"1 minute\" \/>\n<script type=\"application\/ld+json\" class=\"yoast-schema-graph\">{\"@context\":\"https:\\\/\\\/schema.org\",\"@graph\":[{\"@type\":\"WebPage\",\"@id\":\"https:\\\/\\\/cheval.bioret-corp.com\\\/contact\\\/merci\\\/\",\"url\":\"https:\\\/\\\/cheval.bioret-corp.com\\\/contact\\\/merci\\\/\",\"name\":\"Merci - Bioret Cheval\",\"isPartOf\":{\"@id\":\"https:\\\/\\\/cheval.bioret-corp.com\\\/#website\"},\"primaryImageOfPage\":{\"@id\":\"https:\\\/\\\/cheval.bioret-corp.com\\\/contact\\\/merci\\\/#primaryimage\"},\"image\":{\"@id\":\"https:\\\/\\\/cheval.bioret-corp.com\\\/contact\\\/merci\\\/#primaryimage\"},\"thumbnailUrl\":\"http:\\\/\\\/cheval.bioret-corp.com\\\/wp-content\\\/uploads\\\/sites\\\/11\\\/2024\\\/06\\\/pegase1.png\",\"datePublished\":\"2024-05-28T14:03:48+00:00\",\"dateModified\":\"2025-07-11T12:37:46+00:00\",\"breadcrumb\":{\"@id\":\"https:\\\/\\\/cheval.bioret-corp.com\\\/contact\\\/merci\\\/#breadcrumb\"},\"inLanguage\":\"en-US\",\"potentialAction\":[{\"@type\":\"ReadAction\",\"target\":[\"https:\\\/\\\/cheval.bioret-corp.com\\\/contact\\\/merci\\\/\"]}]},{\"@type\":\"ImageObject\",\"inLanguage\":\"en-US\",\"@id\":\"https:\\\/\\\/cheval.bioret-corp.com\\\/contact\\\/merci\\\/#primaryimage\",\"url\":\"http:\\\/\\\/cheval.bioret-corp.com\\\/wp-content\\\/uploads\\\/sites\\\/11\\\/2024\\\/06\\\/pegase1.png\",\"contentUrl\":\"http:\\\/\\\/cheval.bioret-corp.com\\\/wp-content\\\/uploads\\\/sites\\\/11\\\/2024\\\/06\\\/pegase1.png\"},{\"@type\":\"BreadcrumbList\",\"@id\":\"https:\\\/\\\/cheval.bioret-corp.com\\\/contact\\\/merci\\\/#breadcrumb\",\"itemListElement\":[{\"@type\":\"ListItem\",\"position\":1,\"name\":\"Accueil\",\"item\":\"https:\\\/\\\/cheval.bioret-corp.com\\\/\"},{\"@type\":\"ListItem\",\"position\":2,\"name\":\"Contact\",\"item\":\"https:\\\/\\\/cheval.bioret-corp.com\\\/contact\\\/\"},{\"@type\":\"ListItem\",\"position\":3,\"name\":\"Merci\"}]},{\"@type\":\"WebSite\",\"@id\":\"https:\\\/\\\/cheval.bioret-corp.com\\\/#website\",\"url\":\"https:\\\/\\\/cheval.bioret-corp.com\\\/\",\"name\":\"Bioret Cheval\",\"description\":\"\",\"potentialAction\":[{\"@type\":\"SearchAction\",\"target\":{\"@type\":\"EntryPoint\",\"urlTemplate\":\"https:\\\/\\\/cheval.bioret-corp.com\\\/?s={search_term_string}\"},\"query-input\":{\"@type\":\"PropertyValueSpecification\",\"valueRequired\":true,\"valueName\":\"search_term_string\"}}],\"inLanguage\":\"en-US\"}]}<\/script>\n<!-- \/ Yoast SEO plugin. -->","yoast_head_json":{"title":"Merci - Bioret Cheval","robots":{"index":"index","follow":"follow","max-snippet":"max-snippet:-1","max-image-preview":"max-image-preview:large","max-video-preview":"max-video-preview:-1"},"canonical":"https:\/\/cheval.bioret-corp.com\/en\/contact\/merci\/","og_locale":"en_US","og_type":"article","og_title":"Merci - Bioret Cheval","og_description":"Merci pour votre message Et pour votre int\u00e9r\u00eat pour Bioret Cheval !\u00a0Un repr\u00e9sentant du service commercial prendra rapidement contact avec vous afin de r\u00e9pondre au mieux \u00e0 votre demande.\u00a0 A bient\u00f4t,\u00a0L&rsquo;\u00e9quipe BIORET CHEVAL","og_url":"https:\/\/cheval.bioret-corp.com\/en\/contact\/merci\/","og_site_name":"Bioret Cheval","article_modified_time":"2025-07-11T12:37:46+00:00","og_image":[{"width":895,"height":705,"url":"https:\/\/cheval.bioret-corp.com\/wp-content\/uploads\/sites\/11\/2024\/06\/pegase1.png","type":"image\/png"}],"twitter_card":"summary_large_image","twitter_misc":{"Est. reading time":"1 minute"},"schema":{"@context":"https:\/\/schema.org","@graph":[{"@type":"WebPage","@id":"https:\/\/cheval.bioret-corp.com\/contact\/merci\/","url":"https:\/\/cheval.bioret-corp.com\/contact\/merci\/","name":"Merci - Bioret Cheval","isPartOf":{"@id":"https:\/\/cheval.bioret-corp.com\/#website"},"primaryImageOfPage":{"@id":"https:\/\/cheval.bioret-corp.com\/contact\/merci\/#primaryimage"},"image":{"@id":"https:\/\/cheval.bioret-corp.com\/contact\/merci\/#primaryimage"},"thumbnailUrl":"http:\/\/cheval.bioret-corp.com\/wp-content\/uploads\/sites\/11\/2024\/06\/pegase1.png","datePublished":"2024-05-28T14:03:48+00:00","dateModified":"2025-07-11T12:37:46+00:00","breadcrumb":{"@id":"https:\/\/cheval.bioret-corp.com\/contact\/merci\/#breadcrumb"},"inLanguage":"en-US","potentialAction":[{"@type":"ReadAction","target":["https:\/\/cheval.bioret-corp.com\/contact\/merci\/"]}]},{"@type":"ImageObject","inLanguage":"en-US","@id":"https:\/\/cheval.bioret-corp.com\/contact\/merci\/#primaryimage","url":"http:\/\/cheval.bioret-corp.com\/wp-content\/uploads\/sites\/11\/2024\/06\/pegase1.png","contentUrl":"http:\/\/cheval.bioret-corp.com\/wp-content\/uploads\/sites\/11\/2024\/06\/pegase1.png"},{"@type":"BreadcrumbList","@id":"https:\/\/cheval.bioret-corp.com\/contact\/merci\/#breadcrumb","itemListElement":[{"@type":"ListItem","position":1,"name":"Accueil","item":"https:\/\/cheval.bioret-corp.com\/"},{"@type":"ListItem","position":2,"name":"Contact","item":"https:\/\/cheval.bioret-corp.com\/contact\/"},{"@type":"ListItem","position":3,"name":"Merci"}]},{"@type":"WebSite","@id":"https:\/\/cheval.bioret-corp.com\/#website","url":"https:\/\/cheval.bioret-corp.com\/","name":"Bioret Horse","description":"","potentialAction":[{"@type":"SearchAction","target":{"@type":"EntryPoint","urlTemplate":"https:\/\/cheval.bioret-corp.com\/?s={search_term_string}"},"query-input":{"@type":"PropertyValueSpecification","valueRequired":true,"valueName":"search_term_string"}}],"inLanguage":"en-US"}]}},"_links":{"self":[{"href":"https:\/\/cheval.bioret-corp.com\/en\/wp-json\/wp\/v2\/pages\/1708","targetHints":{"allow":["GET"]}}],"collection":[{"href":"https:\/\/cheval.bioret-corp.com\/en\/wp-json\/wp\/v2\/pages"}],"about":[{"href":"https:\/\/cheval.bioret-corp.com\/en\/wp-json\/wp\/v2\/types\/page"}],"author":[{"embeddable":true,"href":"https:\/\/cheval.bioret-corp.com\/en\/wp-json\/wp\/v2\/users\/1"}],"replies":[{"embeddable":true,"href":"https:\/\/cheval.bioret-corp.com\/en\/wp-json\/wp\/v2\/comments?post=1708"}],"version-history":[{"count":13,"href":"https:\/\/cheval.bioret-corp.com\/en\/wp-json\/wp\/v2\/pages\/1708\/revisions"}],"predecessor-version":[{"id":3402,"href":"https:\/\/cheval.bioret-corp.com\/en\/wp-json\/wp\/v2\/pages\/1708\/revisions\/3402"}],"up":[{"embeddable":true,"href":"https:\/\/cheval.bioret-corp.com\/en\/wp-json\/wp\/v2\/pages\/2"}],"wp:attachment":[{"href":"https:\/\/cheval.bioret-corp.com\/en\/wp-json\/wp\/v2\/media?parent=1708"}],"wp:term":[{"taxonomy":"type-de-produit","embeddable":true,"href":"https:\/\/cheval.bioret-corp.com\/en\/wp-json\/wp\/v2\/type-de-produit?post=1708"}],"curies":[{"name":"wp","href":"https:\/\/api.w.org\/{rel}","templated":true}]}}